{"id":275,"date":"2017-09-21T18:59:54","date_gmt":"2017-09-21T18:59:54","guid":{"rendered":"http:\/\/exo.com.br\/produtosquimicos\/?page_id=275"},"modified":"2017-09-21T19:15:17","modified_gmt":"2017-09-21T19:15:17","slug":"processos-de-gestao","status":"publish","type":"page","link":"https:\/\/exo.com.br\/produtosquimicos\/processos-de-gestao\/","title":{"rendered":"Adequa\u00e7\u00e3o dos Processos de Gest\u00e3o"},"content":{"rendered":"","protected":false},"excerpt":{"rendered":"","protected":false},"author":1,"featured_media":0,"parent":0,"menu_order":0,"comment_status":"closed","ping_status":"closed","template":"template_parts\/page-nocontent_template.php","meta":{"_exactmetrics_skip_tracking":false,"_exactmetrics_sitenote_active":false,"_exactmetrics_sitenote_note":"","_exactmetrics_sitenote_category":0,"footnotes":""},"class_list":["post-275","page","type-page","status-publish","hentry"],"_links":{"self":[{"href":"https:\/\/exo.com.br\/produtosquimicos\/wp-json\/wp\/v2\/pages\/275","targetHints":{"allow":["GET"]}}],"collection":[{"href":"https:\/\/exo.com.br\/produtosquimicos\/wp-json\/wp\/v2\/pages"}],"about":[{"href":"https:\/\/exo.com.br\/produtosquimicos\/wp-json\/wp\/v2\/types\/page"}],"author":[{"embeddable":true,"href":"https:\/\/exo.com.br\/produtosquimicos\/wp-json\/wp\/v2\/users\/1"}],"replies":[{"embeddable":true,"href":"https:\/\/exo.com.br\/produtosquimicos\/wp-json\/wp\/v2\/comments?post=275"}],"version-history":[{"count":3,"href":"https:\/\/exo.com.br\/produtosquimicos\/wp-json\/wp\/v2\/pages\/275\/revisions"}],"predecessor-version":[{"id":285,"href":"https:\/\/exo.com.br\/produtosquimicos\/wp-json\/wp\/v2\/pages\/275\/revisions\/285"}],"wp:attachment":[{"href":"https:\/\/exo.com.br\/produtosquimicos\/wp-json\/wp\/v2\/media?parent=275"}],"curies":[{"name":"wp","href":"https:\/\/api.w.org\/{rel}","templated":true}]}}