{"id":346,"date":"2017-09-22T14:32:54","date_gmt":"2017-09-22T14:32:54","guid":{"rendered":"http:\/\/exo.com.br\/produtosquimicos\/?page_id=346"},"modified":"2017-09-22T14:36:37","modified_gmt":"2017-09-22T14:36:37","slug":"adequacao-das-areas-de-armazenagem","status":"publish","type":"page","link":"https:\/\/exo.com.br\/produtosquimicos\/adequacao-das-areas-de-armazenagem\/","title":{"rendered":"Adequa\u00e7\u00e3o das \u00c1reas de Armazenagem"},"content":{"rendered":"","protected":false},"excerpt":{"rendered":"","protected":false},"author":1,"featured_media":0,"parent":0,"menu_order":0,"comment_status":"closed","ping_status":"closed","template":"template_parts\/page-nocontent_template.php","meta":{"_exactmetrics_skip_tracking":false,"_exactmetrics_sitenote_active":false,"_exactmetrics_sitenote_note":"","_exactmetrics_sitenote_category":0,"footnotes":""},"class_list":["post-346","page","type-page","status-publish","hentry"],"_links":{"self":[{"href":"https:\/\/exo.com.br\/produtosquimicos\/wp-json\/wp\/v2\/pages\/346","targetHints":{"allow":["GET"]}}],"collection":[{"href":"https:\/\/exo.com.br\/produtosquimicos\/wp-json\/wp\/v2\/pages"}],"about":[{"href":"https:\/\/exo.com.br\/produtosquimicos\/wp-json\/wp\/v2\/types\/page"}],"author":[{"embeddable":true,"href":"https:\/\/exo.com.br\/produtosquimicos\/wp-json\/wp\/v2\/users\/1"}],"replies":[{"embeddable":true,"href":"https:\/\/exo.com.br\/produtosquimicos\/wp-json\/wp\/v2\/comments?post=346"}],"version-history":[{"count":2,"href":"https:\/\/exo.com.br\/produtosquimicos\/wp-json\/wp\/v2\/pages\/346\/revisions"}],"predecessor-version":[{"id":349,"href":"https:\/\/exo.com.br\/produtosquimicos\/wp-json\/wp\/v2\/pages\/346\/revisions\/349"}],"wp:attachment":[{"href":"https:\/\/exo.com.br\/produtosquimicos\/wp-json\/wp\/v2\/media?parent=346"}],"curies":[{"name":"wp","href":"https:\/\/api.w.org\/{rel}","templated":true}]}}